{"id":5,"date":"2023-05-10T12:59:43","date_gmt":"2023-05-10T12:59:43","guid":{"rendered":"http:\/\/localhost:8888\/2022\/220504_ratp\/site\/wordpress\/?page_id=5"},"modified":"2024-07-12T12:37:43","modified_gmt":"2024-07-12T12:37:43","slug":"home","status":"publish","type":"page","link":"https:\/\/ratp.blueingreen.fr\/","title":{"rendered":"home"},"content":{"rendered":"\n<div class=\"wp-block-columns home-columns is-layout-flex wp-container-core-columns-is-layout-9d6595d7 wp-block-columns-is-layout-flex\">\n<div class=\"wp-block-column home-column-left is-layout-flow wp-block-column-is-layout-flow\" style=\"flex-basis:48%\">\n<h1 class=\"wp-block-heading\">Explorer nos services avec la 3D !<\/h1>\n\n\n\n<p>Tout ce que vous avez voulu savoir sur les syst\u00e8mes d&#8217;automatisation d&#8217;une ligne de m\u00e9tro<\/p>\n\n\n\n<p>Automatiser une ligne de m\u00e9tro, c&#8217;est bien pratique pour nos voyageurs, mais quels sont les enjeux technologiques derri\u00e8re les m\u00e9tros automatiques ? Quels sont les syst\u00e8mes industriels qui permettent un tel d\u00e9fi ? <\/p>\n\n\n\n<p>Nous vous proposons une carte interactive 3D pour tout comprendre.<\/p>\n\n\n\n<div class=\"wp-block-columns home-columns-btns is-layout-flex wp-container-core-columns-is-layout-9d6595d7 wp-block-columns-is-layout-flex\">\n<div class=\"wp-block-column is-layout-flow wp-block-column-is-layout-flow\" style=\"flex-basis:50%\">\n<p><strong>Bonne d\u00e9couverte !<\/strong><\/p>\n<\/div>\n\n\n\n<div class=\"wp-block-column is-layout-flow wp-block-column-is-layout-flow\" style=\"flex-basis:50%\">\n<p class=\"has-text-align-right btn-go\"><strong><a href=\"https:\/\/ratp.blueingreen.fr\/?page_id=333\" data-type=\"page\" data-id=\"333\">GO >><\/a><\/strong><\/p>\n<\/div>\n<\/div>\n<\/div>\n\n\n\n<div class=\"wp-block-column home-column-right is-layout-flow wp-block-column-is-layout-flow\" style=\"flex-basis:52%\">\n<div class=\"wp-block-cover is-light cover-image\"><span aria-hidden=\"true\" class=\"wp-block-cover__background has-background-dim-0 has-background-dim\"><\/span><img loading=\"lazy\" decoding=\"async\" width=\"2124\" height=\"1566\" class=\"wp-block-cover__image-background wp-image-337\" alt=\"\" src=\"https:\/\/ratp.blueingreen.fr\/wp-content\/uploads\/2023\/08\/home.jpg\" data-object-fit=\"cover\" srcset=\"https:\/\/ratp.blueingreen.fr\/wp-content\/uploads\/2023\/08\/home.jpg 2124w, https:\/\/ratp.blueingreen.fr\/wp-content\/uploads\/2023\/08\/home-300x221.jpg 300w, https:\/\/ratp.blueingreen.fr\/wp-content\/uploads\/2023\/08\/home-1024x755.jpg 1024w\" sizes=\"auto, (max-width: 2124px) 100vw, 2124px\" \/><div class=\"wp-block-cover__inner-container is-layout-constrained wp-block-cover-is-layout-constrained\">\n<p class=\"has-text-align-center has-large-font-size\"><\/p>\n<\/div><\/div>\n<\/div>\n<\/div>\n","protected":false},"excerpt":{"rendered":"<p>Explorer nos services avec la 3D ! Tout ce que vous avez voulu savoir sur les syst\u00e8mes d&#8217;automatisation d&#8217;une ligne de m\u00e9tro Automatiser une ligne de m\u00e9tro, c&#8217;est bien pratique pour nos voyageurs, mais quels sont les enjeux technologiques derri\u00e8re les m\u00e9tros automatiques ? Quels sont les syst\u00e8mes industriels qui permettent un tel d\u00e9fi ? [&hellip;]<\/p>\n","protected":false},"author":1,"featured_media":0,"parent":0,"menu_order":0,"comment_status":"closed","ping_status":"closed","template":"","meta":{"footnotes":""},"class_list":["post-5","page","type-page","status-publish","hentry"],"_links":{"self":[{"href":"https:\/\/ratp.blueingreen.fr\/index.php?rest_route=\/wp\/v2\/pages\/5","targetHints":{"allow":["GET"]}}],"collection":[{"href":"https:\/\/ratp.blueingreen.fr\/index.php?rest_route=\/wp\/v2\/pages"}],"about":[{"href":"https:\/\/ratp.blueingreen.fr\/index.php?rest_route=\/wp\/v2\/types\/page"}],"author":[{"embeddable":true,"href":"https:\/\/ratp.blueingreen.fr\/index.php?rest_route=\/wp\/v2\/users\/1"}],"replies":[{"embeddable":true,"href":"https:\/\/ratp.blueingreen.fr\/index.php?rest_route=%2Fwp%2Fv2%2Fcomments&post=5"}],"version-history":[{"count":11,"href":"https:\/\/ratp.blueingreen.fr\/index.php?rest_route=\/wp\/v2\/pages\/5\/revisions"}],"predecessor-version":[{"id":441,"href":"https:\/\/ratp.blueingreen.fr\/index.php?rest_route=\/wp\/v2\/pages\/5\/revisions\/441"}],"wp:attachment":[{"href":"https:\/\/ratp.blueingreen.fr\/index.php?rest_route=%2Fwp%2Fv2%2Fmedia&parent=5"}],"curies":[{"name":"wp","href":"https:\/\/api.w.org\/{rel}","templated":true}]}}